{"id":3756,"date":"2020-06-07T04:15:14","date_gmt":"2020-06-07T04:15:14","guid":{"rendered":"http:\/\/localhost\/context\/?page_id=9"},"modified":"2022-05-30T11:37:56","modified_gmt":"2022-05-30T09:37:56","slug":"home","status":"publish","type":"page","link":"https:\/\/bioulac2022.fr\/","title":{"rendered":"Accueil"},"content":{"rendered":"\t\t<div data-elementor-type=\"wp-page\" data-elementor-id=\"3756\" class=\"elementor elementor-3756\">\n\t\t\t\t\t\t\t\t\t<section class=\"elementor-section elementor-top-section elementor-element elementor-element-a264ba6 elementor-section-full_width elementor-section-height-default elementor-section-height-default\" data-id=\"a264ba6\" data-element_type=\"section\">\n\t\t\t\t\t\t<div class=\"elementor-container elementor-column-gap-no\">\n\t\t\t\t\t<div class=\"elementor-column elementor-col-100 elementor-top-column elementor-element elementor-element-172a490\" data-id=\"172a490\" data-element_type=\"column\">\n\t\t\t<div class=\"elementor-widget-wrap elementor-element-populated\">\n\t\t\t\t\t\t\t\t<div class=\"elementor-element elementor-element-46488fe poket-star-rating--align-center elementor-widget elementor-widget-witr_slick_slider\" data-id=\"46488fe\" data-element_type=\"widget\" data-widget_type=\"witr_slick_slider.default\">\n\t\t\t\t<div class=\"elementor-widget-container\">\n\t\t\t<!-- slider area -->\n\t<div class=\"witr_ds_content_area witr_dsider_js_active simages_id1\">\n\n\t\t\t\t\t\t<!-- single slider item -->\n\t\t\t\t\t<div class=\"witr_ds_slider_content witr_slick_content\">\n\t\t\t\t\t\t<div class=\" witr_ds_content witr_slick_height text-left witr_current_id-95d25f1\"  style=\"background-image:url(https:\/\/bioulac2022.fr\/wp-content\/uploads\/2022\/05\/banniere.jpg);\">\n\t\t\t\t\t\t\t<div class=\"witr_ds_content_inner witr_containers\">\n\t\t\t\t\t\t\t\t<!-- title -->\n\t\t\t\t\t\t\t\t\t\t\t\t\t\t\t\t\t<h1>ELECTIONS LEGISLATIVES <br> LE 12 ET 19 JUIN<\/h1>\n\t\t\t\t\t\t\t\t\t\t\t\t\t\t\t\t<!-- title 2 -->\n\t\t\t\t\t\t\t\t\t\t\t\t\t\t\t\t\t<h2>NOS CAMPAGNES ONT DE L'AVENIR<\/h2>\n\t\t\t\t\t\t\t\t\t\t\t\t\t\t\t\t<!-- title 3 -->\n\t\t\t\t\t\t\t\t\t\t\t\t\t\t\t\t<!-- content -->\n\t\t\t\t\t\t\t\t\t\t\t\t\t\t\t\t<!--- List Option --->\n\t\t\t\t\t\t\t\t\t\t\t\t\t\t\t\n\t\t\t\t\t\t\t\t<!-- btn gradient style -->\n\t\t\t\t\t\t\t\t<div class=\"slider_btn\">\n\t\t\t\t\t\t\t\t\t<div class=\"witr_btn_style\">\n\t\t\t\t\t\t\t\t\t\t<div class=\"witr_btn_sinner\">\n\t\t\t\t\t\t\t\t\t\t\t<!-- button -->\n\t\t\t\t\t\t\t\t\t\t\t\n\t\t\t\t\t\t\t\t\t\t\t<!-- video button -->\n\t\t\t\t\t\t\t\t\t\t\t\n\t\t\t\t\t\t\t\t\t\t\t<!-- video button 2 Style -->\n\t\t\t\t\t\t\t\t\t\t\t\t\t\t\t\t\t\t\n\t\t\t\t\t\t\t\t\t\t<\/div>\n\t\t\t\t\t\t\t\t\t<\/div>\n\t\t\t\t\t\t\t\t<\/div>\t\t\t\t\t\t\t\n\t\t\t\t\t\t\t\t<!-- slider thumb image -->\n\t\t\t\t\t\t\t\t\t\t\t\t\t\t\t<!-- social -->\n\t\t\t\t\t\t\t\t\t\t\t\t\t\t\t\n\t\t\t\t\t\t\t<\/div>\n\t\t\t\t\t\t<\/div>\t\t\t\t\t\t\n\t\t\t\t\t<\/div>\n\t\t\t\t\t\t\t\n\t\t\t\t\t\n\t\t\t\n\t\t\t<\/div> <!-- end slick slider -->\n\t\t\t\n<!-- end slider area --> \n\n\t\t<script type='text\/javascript'>\n\t\t\tjQuery(function($){\n\t\t\t\t\n\t\t\t\tvar witrbsslick = $('.simages_id1');\n\t\t\t\t\n\t\t\t\tif(witrbsslick.length > 0){\n\n\t\t\t\twitrbsslick.slick({\n\t\t\t\t\tinfinite: true,\n\t\t\t\t\tautoplay: true,\n\t\t\t\t\tautoplaySpeed: 8000,\n\t\t\t\t\tspeed: 2000,\n\t\t\t\t\tvertical: true,\n\t\t\t\t\tslidesToShow: 1,\n\t\t\t\t\tslidesToScroll: 1,\n\t\t\t\t\t\t\t\t\t\tarrows: true,\n\t\t\t\t\tdots: false,\n\t\t\t\t\tresponsive: [\n\t\t\t\t\t\t{\n\t\t\t\t\t\t\tbreakpoint: 1200,\n\t\t\t\t\t\t\tsettings: {\n\t\t\t\t\t\t\t\tslidesToShow: 1,\n\t\t\t\t\t\t\t\tslidesToScroll: 1,\n\t\t\t\t\t\t\t}\n\t\t\t\t\t},\n\t\t\t\t\t\t{\n\t\t\t\t\t\t\tbreakpoint: 992,\n\t\t\t\t\t\t\tsettings: {\n\t\t\t\t\t\t\t\tslidesToShow: 1,\n\t\t\t\t\t\t\t\tslidesToScroll: 1,\n\t\t\t\t\t\t\t}\n\t\t\t\t\t},\n\t\t\t\t\t\t{\n\t\t\t\t\t\t\tbreakpoint: 767,\n\t\t\t\t\t\t\tsettings: {\n\t\t\t\t\t\t\t\tslidesToShow: 1,\n\t\t\t\t\t\t\t\tslidesToScroll: 1,\n\t\t\t\t\t\t\t}\n\t\t\t\t\t}\n\t\t\t\t\t\/\/ You can unslick at a given breakpoint now by adding:\n\t\t\t\t\t\/\/ settings: \"unslick\"\n\t\t\t\t\t\/\/ instead of a settings object\n\t\t\t\t\t]\n\t\t\t\t});\n\t\t\t}\n\n\t\t\t});\n\t\t<\/script>\t\n\t\t\n\t\t<\/div>\n\t\t\t\t<\/div>\n\t\t\t\t\t<\/div>\n\t\t<\/div>\n\t\t\t\t\t\t\t<\/div>\n\t\t<\/section>\n\t\t\t\t<section class=\"elementor-section elementor-top-section elementor-element elementor-element-137e44d elementor-section-boxed elementor-section-height-default elementor-section-height-default\" data-id=\"137e44d\" data-element_type=\"section\" data-settings=\"{&quot;background_background&quot;:&quot;classic&quot;}\">\n\t\t\t\t\t\t<div class=\"elementor-container elementor-column-gap-default\">\n\t\t\t\t\t<div class=\"elementor-column elementor-col-50 elementor-top-column elementor-element elementor-element-c7801d4\" data-id=\"c7801d4\" data-element_type=\"column\">\n\t\t\t<div class=\"elementor-widget-wrap elementor-element-populated\">\n\t\t\t\t\t\t\t\t<div class=\"elementor-element elementor-element-5b17148 elementor-widget elementor-widget-witr_section_s_image\" data-id=\"5b17148\" data-element_type=\"widget\" data-widget_type=\"witr_section_s_image.default\">\n\t\t\t\t<div class=\"elementor-widget-container\">\n\t\t\t\t\n\t\t<div class=\"single_image_area\">\n\t\t\t<div class=\"single_image single_line_option  \">\n\t\t\t\t<!-- image -->\n\t\t\t\t\t\t\t\t\t<img decoding=\"async\" src=\"https:\/\/bioulac2022.fr\/wp-content\/uploads\/2022\/05\/candidature.jpg\" alt=\"\" \/>\n\t\t\t\t\t\t\n\t\t\t\t\t\t\t\t\t\t\t<\/div>\n\t\t<\/div>\n\t\t\t\n\t\t\t\n\t\t\n\t\t\t\n\t\t\t\t<\/div>\n\t\t\t\t<\/div>\n\t\t\t\t\t<\/div>\n\t\t<\/div>\n\t\t\t\t<div class=\"elementor-column elementor-col-50 elementor-top-column elementor-element elementor-element-da03e61\" data-id=\"da03e61\" data-element_type=\"column\">\n\t\t\t<div class=\"elementor-widget-wrap elementor-element-populated\">\n\t\t\t\t\t\t\t\t<div class=\"elementor-element elementor-element-1a8c80d poket-star-rating--align-center elementor-widget elementor-widget-witr_section_title\" data-id=\"1a8c80d\" data-element_type=\"widget\" data-widget_type=\"witr_section_title.default\">\n\t\t\t\t<div class=\"elementor-widget-container\">\n\t\t\t\t\t\t\t\t<!-- title left -->\n\t\t\t\t\t<div class=\"witr_section_title\">\n\t\t\t\t\t\t<div class=\"witr_section_title_inner text-left\">\n\t\t\t\t\t\t\n\t\t\t\t\t\t\t<!-- icon position -->\n\t\t\t\t\t\t\t\t\n\t\t\t\t\t\t\t<!-- end icon position -->\n\t\t\t\t\t\t\n\t\t\t\t\t\t\n\t\t\t\t\t\t\t<!-- title top -->\n\t\t\t\t\t\t\t\n\t\t\t\t\t\t\t<!-- icon position -->\n\t\t\t\t\t\t\t\t\n\t\t\t\t\t\t\t<!-- end icon position -->\n\n\t\t\t\t\t\t\t\n\t\t\t\t\t\t\t<!-- title middle -->\n\t\t\t\t\t\t\t\t\t\t\t\t\t\t\t<h3>Ma candidature et mes mesures phares <\/h3>\t\t\n\t\t\t\t\t\t\t\t\t\t\t\t\t\t<!-- title bottom -->\n\t\t\t\t\t\t\t\t\t\t\t\t\t\t\n\t\t\t\t\t\t\t<!-- icon position -->\n\t\t\t\t\t\t\t\t\t\t\t\t\t\t\n\t\t\t\t\t\t\t<!-- image -->\n\t\t\t\t\t\t\t\t\t\t\t\t\t\t<!-- icon -->\n\t\t\t\t\t\t\t\t\t\t\t\t\t\t\n\t\t\t\t\t\t\t<!-- bar -->\n\t\t\t\t\t\t\t\t\t\t\t\t\t\t<!-- circle bar -->\n\t\t\t\t\t\t\t\t\t\t\t\t\t\t\n\t\t\t\t\t\t\t\t\n\t\t\t\t\t\t\t<!-- end icon position -->\n\n\t\t\t\t\t\t\t<!-- content -->\n\t\t\t\t\t\t\t\t\t\t\t\t\t\t\t<p>Les 12 et 19 juin prochains, vous \u00e9lirez votre D\u00e9put\u00e9 pour 5 ans. La 2e circonscription de Loir-et-Cher a besoin d\u2019un d\u00e9put\u00e9 enracin\u00e9, pr\u00e9sent pour les habitants, les acteurs locaux et actif \u00e0 l\u2019Assembl\u00e9e Nationale. Un parlementaire qui a la volont\u00e9 de d\u00e9fendre et promouvoir les int\u00e9r\u00eats du Sud du d\u00e9partement, depuis la vall\u00e9e de la Loire, en passant par la Sologne, la vall\u00e9e du Cher, et le Romorantinais.\nFort de mon exp\u00e9rience d\u2019\u00e9lu local, avec mes convictions, j\u2019ai l'honneur de vous pr\u00e9senter ma candidature dans la circonscription de Romorantin-Lanthenay, pour porter la voix de nos communes et de nos campagnes \u00e0 l'Assembl\u00e9e Nationale. \nQuand je crois \u00e0 quelque chose, je m\u2019engage et j'y mets toute ma force ! C\u2019est ce que j'ai fait dans toutes mes responsabilit\u00e9s <\/p>\t\t\n\t\t\t\t\t\t\t\t\t\t\t\t\t<\/div>\n\t\t\t\t\t\t\t<!-- inner title -->\n\t\t\t\t\t\t\t\t\t\t\t\t\t\n\t\t\t\t\t<\/div>\t\t\t\t\n\t\t\t\t\t\t<\/div>\n\t\t\t\t<\/div>\n\t\t\t\t<div class=\"elementor-element elementor-element-8c343b6 poket-star-rating--align-center elementor-widget elementor-widget-witr_section_list\" data-id=\"8c343b6\" data-element_type=\"widget\" data-widget_type=\"witr_section_list.default\">\n\t\t\t\t<div class=\"elementor-widget-container\">\n\t\t\t\t\t\n\t\t\t<div class=\"departmentList all_list_color\">\n\t\t\t\t<!-- title -->\n\t\t\t\t\n\t\t\t\t\t<ul>\n\t\t\t\t\t\t\t\t\t\t\t\t\t\t\t\t\t\t<li>\n\t\t\t\t\t\t\t\t\t\t\t\t\t\t\t\t<span>\n\t\t\t\t\t\t\t\t\t\t\t\t\t\t\t\t\t<\/span>\n\t\t\t\t\t\t\t<\/li>\n\t\t\t\t\t\t\t\t\t\t\t\n\t\t\t\t\t<\/ul>\t\t\t\t\t\n\t\t\t\t<!-- button -->\n\t\t\t\t\t\t\t\t\t<a class=\"discover_more\" href=\"https:\/\/bioulac2022.fr\/?page_id=1519\">\n\t\t\t\t\tD\u00e9couvrez mes mesures phares<\/a>\n\t\t\t\t\t\t\t\t\n\t\t\t<\/div>\t\t\n\n\t\t\t\t<\/div>\n\t\t\t\t<\/div>\n\t\t\t\t\t<\/div>\n\t\t<\/div>\n\t\t\t\t\t\t\t<\/div>\n\t\t<\/section>\n\t\t\t\t<section class=\"elementor-section elementor-top-section elementor-element elementor-element-97aa726 elementor-section-boxed elementor-section-height-default elementor-section-height-default\" data-id=\"97aa726\" data-element_type=\"section\" data-settings=\"{&quot;background_background&quot;:&quot;classic&quot;}\">\n\t\t\t\t\t\t<div class=\"elementor-container elementor-column-gap-default\">\n\t\t\t\t\t<div class=\"elementor-column elementor-col-100 elementor-top-column elementor-element elementor-element-31403af\" data-id=\"31403af\" data-element_type=\"column\">\n\t\t\t<div class=\"elementor-widget-wrap elementor-element-populated\">\n\t\t\t\t\t\t\t\t<div class=\"elementor-element elementor-element-738fc3a poket-star-rating--align-center elementor-widget elementor-widget-witr_section_title\" data-id=\"738fc3a\" data-element_type=\"widget\" data-widget_type=\"witr_section_title.default\">\n\t\t\t\t<div class=\"elementor-widget-container\">\n\t\t\t\t\t\t\t\t<!-- title center -->\n\t\t\t\t\t<div class=\"witr_section_title\">\n\t\t\t\t\t\t<div class=\"witr_section_title_inner text-center\">\n\n\t\t\t\t\t\t\t<!-- icon position -->\n\t\t\t\t\t\t\t\t\n\t\t\t\t\t\t\t<!-- end icon position -->\n\t\t\t\t\t\t\t\n\t\t\t\t\t\t\n\t\t\t\t\t\t\t<!-- title top -->\n\t\t\t\t\t\t\t\n\n\t\t\t\t\t\t\t<!-- icon position -->\n\t\t\t\t\t\t\t\t\n\t\t\t\t\t\t\t<!-- end icon position -->\n\n\n\t\t\t\t\t\t\t\n\t\t\t\t\t\t\t<!-- title middle -->\n\t\t\t\t\t\t\t\t\t\t\t\t\t\t\t<h3>Derni\u00e8res actualit\u00e9s<\/h3>\t\t\n\t\t\t\t\t\t\t\t\t\t\t\t\t\t<!-- title bottom -->\n\t\t\t\t\t\t\t\n\t\t\t\t\t\t\t\n\t\t\t\t\t\t\t\n\t\t\t\t\t\t\t\t\t\t\t\t\t\t\n\t\t\t\t\t\t\t<!-- image -->\n\t\t\t\t\t\t\t\t\t\t\t\t\t\t<!-- icon -->\n\t\t\t\t\t\t\t\t\t\t\t\t\t\t\n\t\t\t\t\t\t\t<!-- bar -->\n\t\t\t\t\t\t\t\t\t\t\t\t\t\t<!-- circle bar -->\n\t\t\t\t\t\t\t\t\t\t\t\t\t\t\n\t\t\t\t\t\t\t\t\n\t\t\t\t\t\t\t\n\n\t\t\t\t\t\t\t\n\t\t\t\t\t\t\t<!-- content -->\n\t\t\t\t\t\t\t\t\t\t\t\t\t\t\n\t\t\t\t\t\t<\/div>\n\t\t\t\t\t\t\t<!-- inner title -->\n\t\t\t\t\t\t\t\t\t\t\t\t\t\n\t\t\t\t\t<\/div>\n\n\t\t\t\t\t\t<\/div>\n\t\t\t\t<\/div>\n\t\t\t\t<div class=\"elementor-element elementor-element-4c52081 elementor-widget elementor-widget-witr_blog_section\" data-id=\"4c52081\" data-element_type=\"widget\" data-widget_type=\"witr_blog_section.default\">\n\t\t\t\t<div class=\"elementor-widget-container\">\n\t\t\t <div class=\" bgimgload\">\t\n\t\t\t\t\t<div class=\"row blog-messonary\">\n\t\t\t\t\t\t\n\t\t\t\t\t\t\t<div class=\"witr_nth_child col-lg-4  col-md-6 col-sm-8 grid-item   witr_all_mb_30\">\n\t\t\t\t\t\t\t\t<div class=\"blog-part all_blog_color\">\n\t\t\t\t\t\t\t\t\t<div class=\"blog_part_inner\">\n\t\t\t\t\t\t\t\t\t\t<div class=\"witr_blog_imags\">\n\t\t\t\t\t\t\t\t\t\t\t<!-- image -->\n\t\t\t\t\t\t\t\t\t\t\t\t\t\t\t\t\t\t\t\t\t\t\t<div class=\"blog-img\">\n\t\t\t\t\t\t\t\t\t\t\t\t\t<a href=\"https:\/\/bioulac2022.fr\/?p=4207\"> <img loading=\"lazy\" decoding=\"async\" width=\"390\" height=\"350\" src=\"https:\/\/bioulac2022.fr\/wp-content\/uploads\/2022\/05\/271812687_1864421363743898_5663166325962157962_n-390x350.jpg\" class=\"attachment-poket-blog-default size-poket-blog-default wp-post-image\" alt=\"\" \/> <\/a>\n\t\t\t\t\t\t\t\t\t\t\t\t<\/div>\n\t\t\t\t\t\t\t\t\t\t\t\t\t\t\t\t\t\t\t\t\t<\/div>\n\t\t\t\t\t\t\t\t\t\t<div class=\"wblog-content blog-content-2 all_blog_color\">\n\t\t\t\t\t\t\t\t\t\t<!--  post meta -->\n\t\t\t\t\t\t\t\t\t\t\t\t\t\t\t\t\t\t\t\t\t\n\t\t\t\t\t\t\t\t\t\t\t\t\t\t\t\t\t\t\t\t\t\t\t\t\t\t\t\t\t\t\t\t\t\t\t\t\t\t\t\t<span><a href=\"#\"><i class=\"icofont-ui-clock\"><\/i><\/a> 18 Mai 2022<\/span>\n\t\t\t\t\t\t\t\t\t\t\t\t\t\t\t\t\t\t\t\t\t\t\t\t\t\t\t\t\t\t\t\t\t\t\t\t\t\t\t\n\t\t\t\t\t\t\t\t\t\t\t\t\t\t\t\t\t\t\t\n\t\t\t\t\t\t\t\t\t\t\t<!-- title -->\n\t\t\t\t\t\t\t\t\t\t\t<h5>\n\t\t\t\t\t\t\t\t\t\t\t\t<a href=\"https:\/\/bioulac2022.fr\/?p=4207\">\n\t\t\t\t\t\t\t\t\t\t\t\t\tD\u00e9couvrez ma page Facebook de campagne\t\t\t\t\t\t\t\t\t\t\t\t<\/a>\n\t\t\t\t\t\t\t\t\t\t\t<\/h5>\n\t\t\t\t\t\t\t\t\t\t\t<!-- content -->\n\t\t\t\t\t\t\t\t\t\t\t\t\t\t\t\t\t\t\t\t\t\t\t<p>Nos campagnes ont de l'avenir ! D\u00e9couvrez \u00e9galement ma candidature sur<\/p>\t\t\t\t\t\t\t\t\t\t\t\t\t\t\t\t\t\t\t\t\t\t\n\t\t\t\t\t\t\t\t\t\t\t\t\t\t\t\t\t\t\t\t\t\t\t  <a class=\"btn2\" href=\"https:\/\/bioulac2022.fr\/?p=4207\">Lire la suite <i class=\"icofont-arrow-right\"><\/i><\/a>\n\t\t\t\t\t\t\t\t\t\t\t\t\t\t\t\t\t\t\t\t\t  \n\t\t\t\t\t\t\t\t\t\t<\/div>\n\t\t\t\t\t\t\t\t\t<\/div>\n\t\t\t\t\t\t\t\t<\/div><!-- blog part -->\n\t\t\t\t\t\t\t<\/div>\n\t\t\t\t\t\t\n\t\t\t\t\t\t\t<div class=\"witr_nth_child col-lg-4  col-md-6 col-sm-8 grid-item   witr_all_mb_30\">\n\t\t\t\t\t\t\t\t<div class=\"blog-part all_blog_color\">\n\t\t\t\t\t\t\t\t\t<div class=\"blog_part_inner\">\n\t\t\t\t\t\t\t\t\t\t<div class=\"witr_blog_imags\">\n\t\t\t\t\t\t\t\t\t\t\t<!-- image -->\n\t\t\t\t\t\t\t\t\t\t\t\t\t\t\t\t\t\t\t\t\t\t\t<div class=\"blog-img\">\n\t\t\t\t\t\t\t\t\t\t\t\t\t<a href=\"https:\/\/bioulac2022.fr\/?p=1\"> <img loading=\"lazy\" decoding=\"async\" width=\"390\" height=\"350\" src=\"https:\/\/bioulac2022.fr\/wp-content\/uploads\/2022\/05\/candidature-390x350.jpg\" class=\"attachment-poket-blog-default size-poket-blog-default wp-post-image\" alt=\"\" \/> <\/a>\n\t\t\t\t\t\t\t\t\t\t\t\t<\/div>\n\t\t\t\t\t\t\t\t\t\t\t\t\t\t\t\t\t\t\t\t\t<\/div>\n\t\t\t\t\t\t\t\t\t\t<div class=\"wblog-content blog-content-2 all_blog_color\">\n\t\t\t\t\t\t\t\t\t\t<!--  post meta -->\n\t\t\t\t\t\t\t\t\t\t\t\t\t\t\t\t\t\t\t\t\t\n\t\t\t\t\t\t\t\t\t\t\t\t\t\t\t\t\t\t\t\t\t\t\t\t\t\t\t\t\t\t\t\t\t\t\t\t\t\t\t\t<span><a href=\"#\"><i class=\"icofont-ui-clock\"><\/i><\/a> 17 Mai 2022<\/span>\n\t\t\t\t\t\t\t\t\t\t\t\t\t\t\t\t\t\t\t\t\t\t\t\t\t\t\t\t\t\t\t\t\t\t\t\t\t\t\t\n\t\t\t\t\t\t\t\t\t\t\t\t\t\t\t\t\t\t\t\n\t\t\t\t\t\t\t\t\t\t\t<!-- title -->\n\t\t\t\t\t\t\t\t\t\t\t<h5>\n\t\t\t\t\t\t\t\t\t\t\t\t<a href=\"https:\/\/bioulac2022.fr\/?p=1\">\n\t\t\t\t\t\t\t\t\t\t\t\t\tNotre programme\t\t\t\t\t\t\t\t\t\t\t\t<\/a>\n\t\t\t\t\t\t\t\t\t\t\t<\/h5>\n\t\t\t\t\t\t\t\t\t\t\t<!-- content -->\n\t\t\t\t\t\t\t\t\t\t\t\t\t\t\t\t\t\t\t\t\t\t\t<p>Candidat dans la 2e circonscription de Loir-et-Cher, je veux vous dire<\/p>\t\t\t\t\t\t\t\t\t\t\t\t\t\t\t\t\t\t\t\t\t\t\n\t\t\t\t\t\t\t\t\t\t\t\t\t\t\t\t\t\t\t\t\t\t\t  <a class=\"btn2\" href=\"https:\/\/bioulac2022.fr\/?p=1\">Lire la suite <i class=\"icofont-arrow-right\"><\/i><\/a>\n\t\t\t\t\t\t\t\t\t\t\t\t\t\t\t\t\t\t\t\t\t  \n\t\t\t\t\t\t\t\t\t\t<\/div>\n\t\t\t\t\t\t\t\t\t<\/div>\n\t\t\t\t\t\t\t\t<\/div><!-- blog part -->\n\t\t\t\t\t\t\t<\/div>\n\t\t\t\t\t\t\n\t\t\t\t\t\t\t<div class=\"witr_nth_child col-lg-4  col-md-6 col-sm-8 grid-item   witr_all_mb_30\">\n\t\t\t\t\t\t\t\t<div class=\"blog-part all_blog_color\">\n\t\t\t\t\t\t\t\t\t<div class=\"blog_part_inner\">\n\t\t\t\t\t\t\t\t\t\t<div class=\"witr_blog_imags\">\n\t\t\t\t\t\t\t\t\t\t\t<!-- image -->\n\t\t\t\t\t\t\t\t\t\t\t\t\t\t\t\t\t\t\t\t\t\t\t<div class=\"blog-img\">\n\t\t\t\t\t\t\t\t\t\t\t\t\t<a href=\"https:\/\/bioulac2022.fr\/?p=182\"> <img loading=\"lazy\" decoding=\"async\" width=\"390\" height=\"350\" src=\"https:\/\/bioulac2022.fr\/wp-content\/uploads\/2022\/01\/actu3-390x350.jpg\" class=\"attachment-poket-blog-default size-poket-blog-default wp-post-image\" alt=\"\" srcset=\"https:\/\/bioulac2022.fr\/wp-content\/uploads\/2022\/01\/actu3-390x350.jpg 390w, https:\/\/bioulac2022.fr\/wp-content\/uploads\/2022\/01\/actu3-300x268.jpg 300w, https:\/\/bioulac2022.fr\/wp-content\/uploads\/2022\/01\/actu3-768x687.jpg 768w, https:\/\/bioulac2022.fr\/wp-content\/uploads\/2022\/01\/actu3.jpg 940w\" sizes=\"auto, (max-width: 390px) 100vw, 390px\" \/> <\/a>\n\t\t\t\t\t\t\t\t\t\t\t\t<\/div>\n\t\t\t\t\t\t\t\t\t\t\t\t\t\t\t\t\t\t\t\t\t<\/div>\n\t\t\t\t\t\t\t\t\t\t<div class=\"wblog-content blog-content-2 all_blog_color\">\n\t\t\t\t\t\t\t\t\t\t<!--  post meta -->\n\t\t\t\t\t\t\t\t\t\t\t\t\t\t\t\t\t\t\t\t\t\n\t\t\t\t\t\t\t\t\t\t\t\t\t\t\t\t\t\t\t\t\t\t\t\t\t\t\t\t\t\t\t\t\t\t\t\t\t\t\t\t<span><a href=\"#\"><i class=\"icofont-ui-clock\"><\/i><\/a> 17 Mai 2022<\/span>\n\t\t\t\t\t\t\t\t\t\t\t\t\t\t\t\t\t\t\t\t\t\t\t\t\t\t\t\t\t\t\t\t\t\t\t\t\t\t\t\n\t\t\t\t\t\t\t\t\t\t\t\t\t\t\t\t\t\t\t\n\t\t\t\t\t\t\t\t\t\t\t<!-- title -->\n\t\t\t\t\t\t\t\t\t\t\t<h5>\n\t\t\t\t\t\t\t\t\t\t\t\t<a href=\"https:\/\/bioulac2022.fr\/?p=182\">\n\t\t\t\t\t\t\t\t\t\t\t\t\tMa lettre de candidature\t\t\t\t\t\t\t\t\t\t\t\t<\/a>\n\t\t\t\t\t\t\t\t\t\t\t<\/h5>\n\t\t\t\t\t\t\t\t\t\t\t<!-- content -->\n\t\t\t\t\t\t\t\t\t\t\t\t\t\t\t\t\t\t\t\t\t\t\t<p>Fort de mon exp\u00e9rience d\u2019\u00e9lu local, avec mes convictions, j\u2019ai l'honneur<\/p>\t\t\t\t\t\t\t\t\t\t\t\t\t\t\t\t\t\t\t\t\t\t\n\t\t\t\t\t\t\t\t\t\t\t\t\t\t\t\t\t\t\t\t\t\t\t  <a class=\"btn2\" href=\"https:\/\/bioulac2022.fr\/?p=182\">Lire la suite <i class=\"icofont-arrow-right\"><\/i><\/a>\n\t\t\t\t\t\t\t\t\t\t\t\t\t\t\t\t\t\t\t\t\t  \n\t\t\t\t\t\t\t\t\t\t<\/div>\n\t\t\t\t\t\t\t\t\t<\/div>\n\t\t\t\t\t\t\t\t<\/div><!-- blog part -->\n\t\t\t\t\t\t\t<\/div>\n\t\t\t\t\t\t\t\t\t\t\t<\/div>\n                <\/div>\t\t<\/div>\n\t\t\t\t<\/div>\n\t\t\t\t\t<\/div>\n\t\t<\/div>\n\t\t\t\t\t\t\t<\/div>\n\t\t<\/section>\n\t\t\t\t<section class=\"elementor-section elementor-top-section elementor-element elementor-element-269286d elementor-section-boxed elementor-section-height-default elementor-section-height-default\" data-id=\"269286d\" data-element_type=\"section\">\n\t\t\t\t\t\t<div class=\"elementor-container elementor-column-gap-default\">\n\t\t\t\t\t<div class=\"elementor-column elementor-col-100 elementor-top-column elementor-element elementor-element-e8de01b\" data-id=\"e8de01b\" data-element_type=\"column\">\n\t\t\t<div class=\"elementor-widget-wrap elementor-element-populated\">\n\t\t\t\t\t\t\t\t<div class=\"elementor-element elementor-element-5478f32 elementor-widget elementor-widget-spacer\" data-id=\"5478f32\" data-element_type=\"widget\" data-widget_type=\"spacer.default\">\n\t\t\t\t<div class=\"elementor-widget-container\">\n\t\t\t<style>\/*! elementor - v3.6.5 - 27-04-2022 *\/\n.e-container.e-container--row .elementor-spacer-inner{width:var(--spacer-size)}.e-container.e-container--column .elementor-spacer-inner,.elementor-column .elementor-spacer-inner{height:var(--spacer-size)}<\/style>\t\t<div class=\"elementor-spacer\">\n\t\t\t<div class=\"elementor-spacer-inner\"><\/div>\n\t\t<\/div>\n\t\t\t\t<\/div>\n\t\t\t\t<\/div>\n\t\t\t\t\t<\/div>\n\t\t<\/div>\n\t\t\t\t\t\t\t<\/div>\n\t\t<\/section>\n\t\t\t\t\t\t\t<\/div>\n\t\t","protected":false},"excerpt":{"rendered":"<p>ELECTIONS LEGISLATIVES LE 12 ET 19 JUIN NOS CAMPAGNES ONT DE L&#8217;AVENIR Ma candidature et mes mesures phares Les 12 et 19 juin prochains, vous \u00e9lirez votre D\u00e9put\u00e9 pour 5 ans. La 2e circonscription de Loir-et-Cher a besoin d\u2019un d\u00e9put\u00e9 enracin\u00e9, pr\u00e9sent pour les habitants, les acteurs locaux et actif \u00e0 l\u2019Assembl\u00e9e Nationale. Un parlementaire [&hellip;]<\/p>\n","protected":false},"author":1,"featured_media":0,"parent":0,"menu_order":0,"comment_status":"closed","ping_status":"closed","template":"template-home.php","meta":{"footnotes":""},"class_list":["post-3756","page","type-page","status-publish","hentry"],"_links":{"self":[{"href":"https:\/\/bioulac2022.fr\/index.php?rest_route=\/wp\/v2\/pages\/3756","targetHints":{"allow":["GET"]}}],"collection":[{"href":"https:\/\/bioulac2022.fr\/index.php?rest_route=\/wp\/v2\/pages"}],"about":[{"href":"https:\/\/bioulac2022.fr\/index.php?rest_route=\/wp\/v2\/types\/page"}],"author":[{"embeddable":true,"href":"https:\/\/bioulac2022.fr\/index.php?rest_route=\/wp\/v2\/users\/1"}],"replies":[{"embeddable":true,"href":"https:\/\/bioulac2022.fr\/index.php?rest_route=%2Fwp%2Fv2%2Fcomments&post=3756"}],"version-history":[{"count":107,"href":"https:\/\/bioulac2022.fr\/index.php?rest_route=\/wp\/v2\/pages\/3756\/revisions"}],"predecessor-version":[{"id":4243,"href":"https:\/\/bioulac2022.fr\/index.php?rest_route=\/wp\/v2\/pages\/3756\/revisions\/4243"}],"wp:attachment":[{"href":"https:\/\/bioulac2022.fr\/index.php?rest_route=%2Fwp%2Fv2%2Fmedia&parent=3756"}],"curies":[{"name":"wp","href":"https:\/\/api.w.org\/{rel}","templated":true}]}}