{"id":2,"date":"2022-05-04T16:29:18","date_gmt":"2022-05-04T14:29:18","guid":{"rendered":"http:\/\/bioulac2022.fr\/?page_id=2"},"modified":"2022-05-19T17:37:09","modified_gmt":"2022-05-19T15:37:09","slug":"comite-de-soutien","status":"publish","type":"page","link":"https:\/\/bioulac2022.fr\/?page_id=2","title":{"rendered":"Comit\u00e9 de soutien"},"content":{"rendered":"\t\t<div data-elementor-type=\"wp-page\" data-elementor-id=\"2\" class=\"elementor elementor-2\">\n\t\t\t\t\t\t\t\t\t<section class=\"elementor-section elementor-top-section elementor-element elementor-element-4f3a932c elementor-section-boxed elementor-section-height-default elementor-section-height-default\" data-id=\"4f3a932c\" data-element_type=\"section\">\n\t\t\t\t\t\t<div class=\"elementor-container elementor-column-gap-default\">\n\t\t\t\t\t<div class=\"elementor-column elementor-col-100 elementor-top-column elementor-element elementor-element-59f11674\" data-id=\"59f11674\" data-element_type=\"column\">\n\t\t\t<div class=\"elementor-widget-wrap elementor-element-populated\">\n\t\t\t\t\t\t\t\t<div class=\"elementor-element elementor-element-61d20d96 elementor-widget elementor-widget-text-editor\" data-id=\"61d20d96\" data-element_type=\"widget\" data-widget_type=\"text-editor.default\">\n\t\t\t\t<div class=\"elementor-widget-container\">\n\t\t\t<style>\/*! elementor - v3.6.5 - 27-04-2022 *\/\n.elementor-widget-text-editor.elementor-drop-cap-view-stacked .elementor-drop-cap{background-color:#818a91;color:#fff}.elementor-widget-text-editor.elementor-drop-cap-view-framed .elementor-drop-cap{color:#818a91;border:3px solid;background-color:transparent}.elementor-widget-text-editor:not(.elementor-drop-cap-view-default) .elementor-drop-cap{margin-top:8px}.elementor-widget-text-editor:not(.elementor-drop-cap-view-default) .elementor-drop-cap-letter{width:1em;height:1em}.elementor-widget-text-editor .elementor-drop-cap{float:left;text-align:center;line-height:1;font-size:50px}.elementor-widget-text-editor .elementor-drop-cap-letter{display:inline-block}<\/style>\t\t\t\t<h1>Elections L\u00e9gislatives 2022 \u2013 comit\u00e9 d\u2019\u00e9lus.<\/h1>\n<p>&nbsp;<\/p>\n<p>Mesdames et Messieurs les Maires, Chers coll\u00e8gues,<\/p>\n<p>Maire de Lamotte-Beuvron depuis mars 2014, j\u2019ai d\u00e9cid\u00e9 d\u2019\u00eatre candidat aux \u00e9lections l\u00e9gislatives des 12 et 19 juin pour porter la voix de nos territoires.<\/p>\n<p>Je remercie le Docteur Philippe Sartori, Maire de Noyers-sur-Cher de m\u2019accompagner comme suppl\u00e9ant dans cette d\u00e9marche.<\/p>\n<p>Candidat de la droite r\u00e9publicaine, je veux mobiliser mon \u00e9nergie pour agir dans le cadre de la R\u00e9publique.<\/p>\n<p>Ma m\u00e9thode c\u2019est le rassemblement et mon credo c\u2019est l\u2019action !<\/p>\n<p>Le Romorantinais, la Vall\u00e9e du Cher, la Vall\u00e9e de la Loire et la Sologne regorgent de richesses, d&#8217;initiatives et d&#8217;\u00e9nergies. Pour pr\u00e9parer l\u2019avenir, notre territoire doit renforcer ses atouts et r\u00e9parer ses fragilit\u00e9s.<\/p>\n<p>L&#8217;actualit\u00e9 souligne \u00e0 quel point la souverainet\u00e9 agricole et \u00e9nerg\u00e9tique est vitale. Notre agriculture est une priorit\u00e9 et nos territoires sont une solution.<\/p>\n<p>Notre d\u00e9partement rural a besoin de la solidarit\u00e9 nationale pour lutter contre les d\u00e9serts m\u00e9dicaux, pour une meilleure \u00e9ducation, pour un acc\u00e8s large \u00e0 toutes formes de cultures et de loisirs, pour faciliter les mobilit\u00e9s. Rien de tout cela ne peut se construire sans l&#8217;\u00e9nergie et l&#8217;action quotidienne des \u00e9lus locaux ancr\u00e9s dans leur territoire et passionn\u00e9s par leurs missions au service des habitants.<\/p>\n<p>Dans un esprit d\u2019ouverture, de dialogue, de service et sans sectarisme, je souhaite rassembler tous ceux qui veulent agir. Vous pouvez compter sur mon \u00e9nergie, j&#8217;ai besoin de votre soutien pour conduire une action coh\u00e9rente et efficace.<\/p>\n<p>Dans cet esprit, je vous propose de participer \u00e0 un <a href=\"https:\/\/app.evalandgo.com\/s\/index.php?id=JTk5biU5NmglOUMlQUM%3D&amp;a=JTk4ayU5MW4lOUQlQUE%3D&amp;u=v\">comit\u00e9 d&#8217;\u00e9lus (cliquez ici)<\/a> qui soutiendra ma candidature.<\/p>\n<p>Notre circonscription m\u00e9rite que nous travaillions tous ensemble pour faciliter la vie de ses citoyens, pour d\u00e9velopper son attractivit\u00e9 et pour construire un avenir serein.<\/p>\n<p>Unis pour le pays et la circonscription, je compte sur vous !<\/p>\n<p>&nbsp;<\/p>\n<p>Pascal Bioulac<\/p>\t\t\t\t\t\t<\/div>\n\t\t\t\t<\/div>\n\t\t\t\t\t<\/div>\n\t\t<\/div>\n\t\t\t\t\t\t\t<\/div>\n\t\t<\/section>\n\t\t\t\t<section class=\"elementor-section elementor-top-section elementor-element elementor-element-ccde96f elementor-section-boxed elementor-section-height-default elementor-section-height-default\" data-id=\"ccde96f\" data-element_type=\"section\">\n\t\t\t\t\t\t<div class=\"elementor-container elementor-column-gap-default\">\n\t\t\t\t\t<div class=\"elementor-column elementor-col-100 elementor-top-column elementor-element elementor-element-a09ccef\" data-id=\"a09ccef\" data-element_type=\"column\">\n\t\t\t<div class=\"elementor-widget-wrap elementor-element-populated\">\n\t\t\t\t\t\t\t\t<div class=\"elementor-element elementor-element-9bf7699 elementor-widget elementor-widget-text-editor\" data-id=\"9bf7699\" data-element_type=\"widget\" data-widget_type=\"text-editor.default\">\n\t\t\t\t<div class=\"elementor-widget-container\">\n\t\t\t\t\t\t\t<p><strong>Ci-dessous la liste des personnes faisant partie du comit\u00e9 de soutien \u00e0 la candidature de Pascal Bioulac :<\/strong><\/p>\t\t\t\t\t\t<\/div>\n\t\t\t\t<\/div>\n\t\t\t\t\t<\/div>\n\t\t<\/div>\n\t\t\t\t\t\t\t<\/div>\n\t\t<\/section>\n\t\t\t\t<section class=\"elementor-section elementor-top-section elementor-element elementor-element-7c15cd5 elementor-section-boxed elementor-section-height-default elementor-section-height-default\" data-id=\"7c15cd5\" data-element_type=\"section\">\n\t\t\t\t\t\t<div class=\"elementor-container elementor-column-gap-default\">\n\t\t\t\t\t<div class=\"elementor-column elementor-col-100 elementor-top-column elementor-element elementor-element-0c1c0a3\" data-id=\"0c1c0a3\" data-element_type=\"column\">\n\t\t\t<div class=\"elementor-widget-wrap elementor-element-populated\">\n\t\t\t\t\t\t\t\t<div class=\"elementor-element elementor-element-8af5ae1 elementor-widget elementor-widget-text-editor\" data-id=\"8af5ae1\" data-element_type=\"widget\" data-widget_type=\"text-editor.default\">\n\t\t\t\t<div class=\"elementor-widget-container\">\n\t\t\t\t\t\t\t<p>Philippe AGULHON &#8211; Lurence MORY-LASSUS &#8211; Patrick LUNET &#8211; Fran\u00e7ois D&#8217;ESPLNAY SAINT LUC &#8211; Guillaume GIOT &#8211; Patrice PAUL &#8211;<\/p><p>Jean-Pierre GUEMON &#8211; Laurent AUGER &#8211; Nicolas GARNIER &#8211; Thierry GAGNARD &#8211; Raphael JOUSSET &#8211; Marie Jos\u00e9e BEAUFRERE &#8211; Beno\u00eet PENET &#8211;<\/p><p>Marie-Magdelaine VALOIS &#8211; No\u00ebl SENE &#8211; Roberto FUENTES &#8211; Jean Fran\u00e7ois BELLAN &#8211; Philippe Benghezal &#8211; Alexandre Haloin &#8211; Sylvestre GBEKPON &#8211;<\/p><p>Edern LANCEL &#8211; Gr\u00e9goire BERT &#8211; Nils AUCANTE &#8211; Eric MORAND &#8211; Didier TARQUIS &#8211; Claire DASSE &#8211; R\u00e9gis SOYER &#8211; B\u00e9atrice ROUX &#8211;<\/p><p>Nathalie CAQUET &#8211; Patrick BERTEAULT &#8211; Jean Louis ROCHUT &#8211; Pauline ARNEFAUX DE GOURNAY &#8211; Christian MAUCHIEN &#8211; Hubert AZEMARD &#8211;<\/p><p>Yolaine DE BEAUCHESNE &#8211; Jean-Christophe DUPONT &#8211; Stella COCHETON &#8211; Jacky DESAINTLOUP &#8211; Alain CHAUVET &#8211; Agn\u00e8s THIBAULT &#8211;<\/p><p>Hubert CHEVALLIER &#8211; Laurent LEROUX &#8211; Jean-Claude CLEMENT &#8211; Jean-Michel DEZLU &#8211; Jean-Yves WEYDERT &#8211; Patrice MARTIN-LALANDE &#8211;<\/p><p>\u00a0Aymeric BARRE &#8211; Pierre BARJOU &#8211; Jean-Pierre BEAUGRAND &#8211; Elisabeth CORRET &#8211; St\u00e9phane LEROY &#8211; Pierre BABIN &#8211; Joel DAIRE &#8211;<\/p><p>Daniel LOMBARDI &#8211; Cindy GILLET &#8211; Ang\u00e9lique DUBE &#8211; Eric GUILLOU &#8211; Fr\u00e9d\u00e9ric HERBERT &#8211; Bernard TOURNAY &#8211; Fran\u00e7ois GAUTRY &#8211; <\/p><p>Olivier Brunetaud<\/p>\t\t\t\t\t\t<\/div>\n\t\t\t\t<\/div>\n\t\t\t\t\t<\/div>\n\t\t<\/div>\n\t\t\t\t\t\t\t<\/div>\n\t\t<\/section>\n\t\t\t\t\t\t\t<\/div>\n\t\t","protected":false},"excerpt":{"rendered":"<p>Elections L\u00e9gislatives 2022 \u2013 comit\u00e9 d\u2019\u00e9lus. &nbsp; Mesdames et Messieurs les Maires, Chers coll\u00e8gues, Maire de Lamotte-Beuvron depuis mars 2014, j\u2019ai d\u00e9cid\u00e9 d\u2019\u00eatre candidat aux \u00e9lections l\u00e9gislatives des 12 et 19 juin pour porter la voix de nos territoires. Je remercie le Docteur Philippe Sartori, Maire de Noyers-sur-Cher de m\u2019accompagner comme suppl\u00e9ant dans cette d\u00e9marche. [&hellip;]<\/p>\n","protected":false},"author":1,"featured_media":0,"parent":0,"menu_order":0,"comment_status":"closed","ping_status":"open","template":"","meta":{"footnotes":""},"class_list":["post-2","page","type-page","status-publish","hentry"],"_links":{"self":[{"href":"https:\/\/bioulac2022.fr\/index.php?rest_route=\/wp\/v2\/pages\/2","targetHints":{"allow":["GET"]}}],"collection":[{"href":"https:\/\/bioulac2022.fr\/index.php?rest_route=\/wp\/v2\/pages"}],"about":[{"href":"https:\/\/bioulac2022.fr\/index.php?rest_route=\/wp\/v2\/types\/page"}],"author":[{"embeddable":true,"href":"https:\/\/bioulac2022.fr\/index.php?rest_route=\/wp\/v2\/users\/1"}],"replies":[{"embeddable":true,"href":"https:\/\/bioulac2022.fr\/index.php?rest_route=%2Fwp%2Fv2%2Fcomments&post=2"}],"version-history":[{"count":10,"href":"https:\/\/bioulac2022.fr\/index.php?rest_route=\/wp\/v2\/pages\/2\/revisions"}],"predecessor-version":[{"id":4230,"href":"https:\/\/bioulac2022.fr\/index.php?rest_route=\/wp\/v2\/pages\/2\/revisions\/4230"}],"wp:attachment":[{"href":"https:\/\/bioulac2022.fr\/index.php?rest_route=%2Fwp%2Fv2%2Fmedia&parent=2"}],"curies":[{"name":"wp","href":"https:\/\/api.w.org\/{rel}","templated":true}]}}